{"id":8872,"date":"2012-01-05T14:58:46","date_gmt":"2012-01-05T14:58:46","guid":{"rendered":"https:\/\/www.dentomed.com.tr\/dt-bulent-hasan-yilmaz\/"},"modified":"2023-10-22T21:36:21","modified_gmt":"2023-10-22T21:36:21","slug":"dt-bulent-hasan-yilmaz","status":"publish","type":"page","link":"https:\/\/www.dentomed.com.tr\/en\/our-doctors\/dt-bulent-hasan-yilmaz\/","title":{"rendered":"Dt. B\u00fclent Hasan Y\u0131lmaz"},"content":{"rendered":"<p><a href=\"https:\/\/www.dentomed.com.tr\/wp-content\/uploads\/2022\/05\/bulent-hasan-yilmaz-186x300.jpg\"><img loading=\"lazy\" decoding=\"async\" class=\"wp-image-9817 size-medium alignleft\" src=\"https:\/\/www.dentomed.com.tr\/wp-content\/uploads\/2022\/05\/bulent-hasan-yilmaz-186x300.jpg\" alt=\"\" width=\"186\" height=\"300\" srcset=\"https:\/\/www.dentomed.com.tr\/wp-content\/uploads\/2022\/05\/bulent-hasan-yilmaz-186x300.jpg 186w, https:\/\/www.dentomed.com.tr\/wp-content\/uploads\/2022\/05\/bulent-hasan-yilmaz-634x1024.jpg 634w, https:\/\/www.dentomed.com.tr\/wp-content\/uploads\/2022\/05\/bulent-hasan-yilmaz-90x146.jpg 90w, https:\/\/www.dentomed.com.tr\/wp-content\/uploads\/2022\/05\/bulent-hasan-yilmaz-31x50.jpg 31w, https:\/\/www.dentomed.com.tr\/wp-content\/uploads\/2022\/05\/bulent-hasan-yilmaz-46x75.jpg 46w, https:\/\/www.dentomed.com.tr\/wp-content\/uploads\/2022\/05\/bulent-hasan-yilmaz.jpg 768w\" sizes=\"(max-width:767px) 186px, 186px\" \/><\/a><\/p>\n<p>B\u00fclent HASAN YILMAZ was born in 1976 in Kempten, Germany.<\/p>\n<p>After graduating from Trabzon High School, he got his DDS degree from Hacettepe University in 1998. In the same year, he started working at his own private clinic. Since 2007, he is working at Private Trabzon Dentomed Oral and Dental Health Clinic which founded by him and his colleagues. He is a member of Turkish Association of Dentistry, additionally he is actively member of AKUT and TRADOST which are civil associations working for public benefit.\u00a0 He is married and has two daughters. He is a well speaker of English and German languages. His special interests of dental practice are esthetic dentistry, 3-D simile design and implant dentistry and attended many educations both nationally and internationally.<\/p>\n","protected":false},"excerpt":{"rendered":"<p>B\u00fclent HASAN YILMAZ was born in 1976 in Kempten, Germany. After graduating from Trabzon High School, he got his DDS degree from Hacettepe University in 1998.<span class=\"excerpt-hellip\"> [\u2026]<\/span><\/p>\n","protected":false},"author":1,"featured_media":0,"parent":8891,"menu_order":0,"comment_status":"closed","ping_status":"closed","template":"","meta":{"_lmt_disableupdate":"yes","_lmt_disable":"","_joinchat":[],"footnotes":""},"yoast_head":"<!-- This site is optimized with the Yoast SEO Premium plugin v19.0.1 (Yoast SEO v23.4) - https:\/\/yoast.com\/wordpress\/plugins\/seo\/ -->\n<title>Dt. B\u00fclent Hasan Y\u0131lmaz - Dentomed<\/title>\n<meta name=\"description\" content=\"Dentomed \/ Dt. Bulent Hasan Yilmaz biography.\" \/>\n<meta name=\"robots\" content=\"index, follow, max-snippet:-1, max-image-preview:large, max-video-preview:-1\" \/>\n<link rel=\"canonical\" href=\"https:\/\/www.dentomed.com.tr\/en\/our-doctors\/dt-bulent-hasan-yilmaz\/\" \/>\n<meta property=\"og:locale\" content=\"en_US\" \/>\n<meta property=\"og:type\" content=\"article\" \/>\n<meta property=\"og:title\" content=\"Dt. B\u00fclent Hasan Y\u0131lmaz\" \/>\n<meta property=\"og:description\" content=\"Dentomed \/ Dt. Bulent Hasan Yilmaz biography.\" \/>\n<meta property=\"og:url\" content=\"https:\/\/www.dentomed.com.tr\/en\/our-doctors\/dt-bulent-hasan-yilmaz\/\" \/>\n<meta property=\"og:site_name\" content=\"Dentomed\" \/>\n<meta property=\"article:publisher\" content=\"https:\/\/www.facebook.com\/dentomedtrabzon\/\" \/>\n<meta property=\"article:modified_time\" content=\"2023-10-22T21:36:21+00:00\" \/>\n<meta property=\"og:image\" content=\"https:\/\/www.dentomed.com.tr\/wp-content\/uploads\/2022\/05\/bulent-hasan-yilmaz-186x300.jpg\" \/>\n<meta name=\"twitter:card\" content=\"summary_large_image\" \/>\n<meta name=\"twitter:label1\" content=\"Est. reading time\" \/>\n\t<meta name=\"twitter:data1\" content=\"1 minute\" \/>\n<script type=\"application\/ld+json\" class=\"yoast-schema-graph\">{\"@context\":\"https:\/\/schema.org\",\"@graph\":[{\"@type\":\"WebPage\",\"@id\":\"https:\/\/www.dentomed.com.tr\/en\/our-doctors\/dt-bulent-hasan-yilmaz\/\",\"url\":\"https:\/\/www.dentomed.com.tr\/en\/our-doctors\/dt-bulent-hasan-yilmaz\/\",\"name\":\"Dt. B\u00fclent Hasan Y\u0131lmaz - Dentomed\",\"isPartOf\":{\"@id\":\"https:\/\/www.dentomed.com.tr\/en\/#website\"},\"primaryImageOfPage\":{\"@id\":\"https:\/\/www.dentomed.com.tr\/en\/our-doctors\/dt-bulent-hasan-yilmaz\/#primaryimage\"},\"image\":{\"@id\":\"https:\/\/www.dentomed.com.tr\/en\/our-doctors\/dt-bulent-hasan-yilmaz\/#primaryimage\"},\"thumbnailUrl\":\"https:\/\/www.dentomed.com.tr\/wp-content\/uploads\/2022\/05\/bulent-hasan-yilmaz-186x300.jpg\",\"datePublished\":\"2012-01-05T14:58:46+00:00\",\"dateModified\":\"2023-10-22T21:36:21+00:00\",\"description\":\"Dentomed \/ Dt. Bulent Hasan Yilmaz biography.\",\"breadcrumb\":{\"@id\":\"https:\/\/www.dentomed.com.tr\/en\/our-doctors\/dt-bulent-hasan-yilmaz\/#breadcrumb\"},\"inLanguage\":\"en-US\",\"potentialAction\":[{\"@type\":\"ReadAction\",\"target\":[\"https:\/\/www.dentomed.com.tr\/en\/our-doctors\/dt-bulent-hasan-yilmaz\/\"]}]},{\"@type\":\"ImageObject\",\"inLanguage\":\"en-US\",\"@id\":\"https:\/\/www.dentomed.com.tr\/en\/our-doctors\/dt-bulent-hasan-yilmaz\/#primaryimage\",\"url\":\"https:\/\/www.dentomed.com.tr\/wp-content\/uploads\/2022\/05\/bulent-hasan-yilmaz-186x300.jpg\",\"contentUrl\":\"https:\/\/www.dentomed.com.tr\/wp-content\/uploads\/2022\/05\/bulent-hasan-yilmaz-186x300.jpg\"},{\"@type\":\"BreadcrumbList\",\"@id\":\"https:\/\/www.dentomed.com.tr\/en\/our-doctors\/dt-bulent-hasan-yilmaz\/#breadcrumb\",\"itemListElement\":[{\"@type\":\"ListItem\",\"position\":1,\"name\":\"Ana sayfa\",\"item\":\"https:\/\/www.dentomed.com.tr\/en\/\"},{\"@type\":\"ListItem\",\"position\":2,\"name\":\"Our Doctors\",\"item\":\"https:\/\/www.dentomed.com.tr\/en\/hekimlerimiz\/\"},{\"@type\":\"ListItem\",\"position\":3,\"name\":\"Dt. B\u00fclent Hasan Y\u0131lmaz\"}]},{\"@type\":\"WebSite\",\"@id\":\"https:\/\/www.dentomed.com.tr\/en\/#website\",\"url\":\"https:\/\/www.dentomed.com.tr\/en\/\",\"name\":\"Dentomed\",\"description\":\"\u0130mlant, Ortodonti, Kanal Tedavisi, \u00c7ocuk Di\u015f Hekimli\u011fi\",\"publisher\":{\"@id\":\"https:\/\/www.dentomed.com.tr\/en\/#organization\"},\"potentialAction\":[{\"@type\":\"SearchAction\",\"target\":{\"@type\":\"EntryPoint\",\"urlTemplate\":\"https:\/\/www.dentomed.com.tr\/en\/?s={search_term_string}\"},\"query-input\":{\"@type\":\"PropertyValueSpecification\",\"valueRequired\":true,\"valueName\":\"search_term_string\"}}],\"inLanguage\":\"en-US\"},{\"@type\":\"Organization\",\"@id\":\"https:\/\/www.dentomed.com.tr\/en\/#organization\",\"name\":\"Dentomed\",\"url\":\"https:\/\/www.dentomed.com.tr\/en\/\",\"logo\":{\"@type\":\"ImageObject\",\"inLanguage\":\"en-US\",\"@id\":\"https:\/\/www.dentomed.com.tr\/en\/#\/schema\/logo\/image\/\",\"url\":\"https:\/\/www.dentomed.com.tr\/wp-content\/uploads\/2017\/11\/dentomed-amp-logo.png\",\"contentUrl\":\"https:\/\/www.dentomed.com.tr\/wp-content\/uploads\/2017\/11\/dentomed-amp-logo.png\",\"width\":600,\"height\":60,\"caption\":\"Dentomed\"},\"image\":{\"@id\":\"https:\/\/www.dentomed.com.tr\/en\/#\/schema\/logo\/image\/\"},\"sameAs\":[\"https:\/\/www.facebook.com\/dentomedtrabzon\/\",\"https:\/\/www.instagram.com\/dentomedtrabzon\/\"]}]}<\/script>\n<!-- \/ Yoast SEO Premium plugin. -->","yoast_head_json":{"title":"Dt. B\u00fclent Hasan Y\u0131lmaz - Dentomed","description":"Dentomed \/ Dt. Bulent Hasan Yilmaz biography.","robots":{"index":"index","follow":"follow","max-snippet":"max-snippet:-1","max-image-preview":"max-image-preview:large","max-video-preview":"max-video-preview:-1"},"canonical":"https:\/\/www.dentomed.com.tr\/en\/our-doctors\/dt-bulent-hasan-yilmaz\/","og_locale":"en_US","og_type":"article","og_title":"Dt. B\u00fclent Hasan Y\u0131lmaz","og_description":"Dentomed \/ Dt. Bulent Hasan Yilmaz biography.","og_url":"https:\/\/www.dentomed.com.tr\/en\/our-doctors\/dt-bulent-hasan-yilmaz\/","og_site_name":"Dentomed","article_publisher":"https:\/\/www.facebook.com\/dentomedtrabzon\/","article_modified_time":"2023-10-22T21:36:21+00:00","og_image":[{"url":"https:\/\/www.dentomed.com.tr\/wp-content\/uploads\/2022\/05\/bulent-hasan-yilmaz-186x300.jpg"}],"twitter_card":"summary_large_image","twitter_misc":{"Est. reading time":"1 minute"},"schema":{"@context":"https:\/\/schema.org","@graph":[{"@type":"WebPage","@id":"https:\/\/www.dentomed.com.tr\/en\/our-doctors\/dt-bulent-hasan-yilmaz\/","url":"https:\/\/www.dentomed.com.tr\/en\/our-doctors\/dt-bulent-hasan-yilmaz\/","name":"Dt. B\u00fclent Hasan Y\u0131lmaz - Dentomed","isPartOf":{"@id":"https:\/\/www.dentomed.com.tr\/en\/#website"},"primaryImageOfPage":{"@id":"https:\/\/www.dentomed.com.tr\/en\/our-doctors\/dt-bulent-hasan-yilmaz\/#primaryimage"},"image":{"@id":"https:\/\/www.dentomed.com.tr\/en\/our-doctors\/dt-bulent-hasan-yilmaz\/#primaryimage"},"thumbnailUrl":"https:\/\/www.dentomed.com.tr\/wp-content\/uploads\/2022\/05\/bulent-hasan-yilmaz-186x300.jpg","datePublished":"2012-01-05T14:58:46+00:00","dateModified":"2023-10-22T21:36:21+00:00","description":"Dentomed \/ Dt. Bulent Hasan Yilmaz biography.","breadcrumb":{"@id":"https:\/\/www.dentomed.com.tr\/en\/our-doctors\/dt-bulent-hasan-yilmaz\/#breadcrumb"},"inLanguage":"en-US","potentialAction":[{"@type":"ReadAction","target":["https:\/\/www.dentomed.com.tr\/en\/our-doctors\/dt-bulent-hasan-yilmaz\/"]}]},{"@type":"ImageObject","inLanguage":"en-US","@id":"https:\/\/www.dentomed.com.tr\/en\/our-doctors\/dt-bulent-hasan-yilmaz\/#primaryimage","url":"https:\/\/www.dentomed.com.tr\/wp-content\/uploads\/2022\/05\/bulent-hasan-yilmaz-186x300.jpg","contentUrl":"https:\/\/www.dentomed.com.tr\/wp-content\/uploads\/2022\/05\/bulent-hasan-yilmaz-186x300.jpg"},{"@type":"BreadcrumbList","@id":"https:\/\/www.dentomed.com.tr\/en\/our-doctors\/dt-bulent-hasan-yilmaz\/#breadcrumb","itemListElement":[{"@type":"ListItem","position":1,"name":"Ana sayfa","item":"https:\/\/www.dentomed.com.tr\/en\/"},{"@type":"ListItem","position":2,"name":"Our Doctors","item":"https:\/\/www.dentomed.com.tr\/en\/hekimlerimiz\/"},{"@type":"ListItem","position":3,"name":"Dt. B\u00fclent Hasan Y\u0131lmaz"}]},{"@type":"WebSite","@id":"https:\/\/www.dentomed.com.tr\/en\/#website","url":"https:\/\/www.dentomed.com.tr\/en\/","name":"Dentomed","description":"\u0130mlant, Ortodonti, Kanal Tedavisi, \u00c7ocuk Di\u015f Hekimli\u011fi","publisher":{"@id":"https:\/\/www.dentomed.com.tr\/en\/#organization"},"potentialAction":[{"@type":"SearchAction","target":{"@type":"EntryPoint","urlTemplate":"https:\/\/www.dentomed.com.tr\/en\/?s={search_term_string}"},"query-input":{"@type":"PropertyValueSpecification","valueRequired":true,"valueName":"search_term_string"}}],"inLanguage":"en-US"},{"@type":"Organization","@id":"https:\/\/www.dentomed.com.tr\/en\/#organization","name":"Dentomed","url":"https:\/\/www.dentomed.com.tr\/en\/","logo":{"@type":"ImageObject","inLanguage":"en-US","@id":"https:\/\/www.dentomed.com.tr\/en\/#\/schema\/logo\/image\/","url":"https:\/\/www.dentomed.com.tr\/wp-content\/uploads\/2017\/11\/dentomed-amp-logo.png","contentUrl":"https:\/\/www.dentomed.com.tr\/wp-content\/uploads\/2017\/11\/dentomed-amp-logo.png","width":600,"height":60,"caption":"Dentomed"},"image":{"@id":"https:\/\/www.dentomed.com.tr\/en\/#\/schema\/logo\/image\/"},"sameAs":["https:\/\/www.facebook.com\/dentomedtrabzon\/","https:\/\/www.instagram.com\/dentomedtrabzon\/"]}]}},"_links":{"self":[{"href":"https:\/\/www.dentomed.com.tr\/en\/wp-json\/wp\/v2\/pages\/8872"}],"collection":[{"href":"https:\/\/www.dentomed.com.tr\/en\/wp-json\/wp\/v2\/pages"}],"about":[{"href":"https:\/\/www.dentomed.com.tr\/en\/wp-json\/wp\/v2\/types\/page"}],"author":[{"embeddable":true,"href":"https:\/\/www.dentomed.com.tr\/en\/wp-json\/wp\/v2\/users\/1"}],"replies":[{"embeddable":true,"href":"https:\/\/www.dentomed.com.tr\/en\/wp-json\/wp\/v2\/comments?post=8872"}],"version-history":[{"count":4,"href":"https:\/\/www.dentomed.com.tr\/en\/wp-json\/wp\/v2\/pages\/8872\/revisions"}],"predecessor-version":[{"id":9955,"href":"https:\/\/www.dentomed.com.tr\/en\/wp-json\/wp\/v2\/pages\/8872\/revisions\/9955"}],"up":[{"embeddable":true,"href":"https:\/\/www.dentomed.com.tr\/en\/wp-json\/wp\/v2\/pages\/8891"}],"wp:attachment":[{"href":"https:\/\/www.dentomed.com.tr\/en\/wp-json\/wp\/v2\/media?parent=8872"}],"curies":[{"name":"wp","href":"https:\/\/api.w.org\/{rel}","templated":true}]}}