{"id":9947,"date":"2025-02-07T11:15:30","date_gmt":"2025-02-07T11:15:30","guid":{"rendered":"https:\/\/www.dentomed.com.tr\/?page_id=9947"},"modified":"2025-02-07T11:23:35","modified_gmt":"2025-02-07T11:23:35","slug":"dt-ilhan-cakir","status":"publish","type":"page","link":"https:\/\/www.dentomed.com.tr\/ar\/%d8%a3%d8%b7%d8%a8%d8%a7%d8%a6%d9%86%d8%a7\/dt-ilhan-cakir\/","title":{"rendered":"Dt. \u0130lhan \u00c7ak\u0131r"},"content":{"rendered":"","protected":false},"excerpt":{"rendered":"","protected":false},"author":1,"featured_media":0,"parent":9278,"menu_order":0,"comment_status":"closed","ping_status":"closed","template":"","meta":{"_lmt_disableupdate":"","_lmt_disable":"","_joinchat":[],"footnotes":""},"yoast_head":"<!-- This site is optimized with the Yoast SEO Premium plugin v19.0.1 (Yoast SEO v23.4) - https:\/\/yoast.com\/wordpress\/plugins\/seo\/ -->\n<title>Dt. \u0130lhan \u00c7ak\u0131r - Dentomed<\/title>\n<meta name=\"robots\" content=\"index, follow, max-snippet:-1, max-image-preview:large, max-video-preview:-1\" \/>\n<link rel=\"canonical\" href=\"https:\/\/www.dentomed.com.tr\/ar\/%d8%a3%d8%b7%d8%a8%d8%a7%d8%a6%d9%86%d8%a7\/dt-ilhan-cakir\/\" \/>\n<meta property=\"og:locale\" content=\"ar_AR\" \/>\n<meta property=\"og:type\" content=\"article\" \/>\n<meta property=\"og:title\" content=\"Dt. \u0130lhan \u00c7ak\u0131r\" \/>\n<meta property=\"og:url\" content=\"https:\/\/www.dentomed.com.tr\/ar\/%d8%a3%d8%b7%d8%a8%d8%a7%d8%a6%d9%86%d8%a7\/dt-ilhan-cakir\/\" \/>\n<meta property=\"og:site_name\" content=\"Dentomed\" \/>\n<meta property=\"article:publisher\" content=\"https:\/\/www.facebook.com\/dentomedtrabzon\/\" \/>\n<meta property=\"article:modified_time\" content=\"2025-02-07T11:23:35+00:00\" \/>\n<meta name=\"twitter:card\" content=\"summary_large_image\" \/>\n<script type=\"application\/ld+json\" class=\"yoast-schema-graph\">{\"@context\":\"https:\/\/schema.org\",\"@graph\":[{\"@type\":\"WebPage\",\"@id\":\"https:\/\/www.dentomed.com.tr\/ar\/%d8%a3%d8%b7%d8%a8%d8%a7%d8%a6%d9%86%d8%a7\/dt-ilhan-cakir\/\",\"url\":\"https:\/\/www.dentomed.com.tr\/ar\/%d8%a3%d8%b7%d8%a8%d8%a7%d8%a6%d9%86%d8%a7\/dt-ilhan-cakir\/\",\"name\":\"Dt. \u0130lhan \u00c7ak\u0131r - Dentomed\",\"isPartOf\":{\"@id\":\"https:\/\/www.dentomed.com.tr\/ar\/#website\"},\"datePublished\":\"2025-02-07T11:15:30+00:00\",\"dateModified\":\"2025-02-07T11:23:35+00:00\",\"breadcrumb\":{\"@id\":\"https:\/\/www.dentomed.com.tr\/ar\/%d8%a3%d8%b7%d8%a8%d8%a7%d8%a6%d9%86%d8%a7\/dt-ilhan-cakir\/#breadcrumb\"},\"inLanguage\":\"ar\",\"potentialAction\":[{\"@type\":\"ReadAction\",\"target\":[\"https:\/\/www.dentomed.com.tr\/ar\/%d8%a3%d8%b7%d8%a8%d8%a7%d8%a6%d9%86%d8%a7\/dt-ilhan-cakir\/\"]}]},{\"@type\":\"BreadcrumbList\",\"@id\":\"https:\/\/www.dentomed.com.tr\/ar\/%d8%a3%d8%b7%d8%a8%d8%a7%d8%a6%d9%86%d8%a7\/dt-ilhan-cakir\/#breadcrumb\",\"itemListElement\":[{\"@type\":\"ListItem\",\"position\":1,\"name\":\"Ana sayfa\",\"item\":\"https:\/\/www.dentomed.com.tr\/ar\/\"},{\"@type\":\"ListItem\",\"position\":2,\"name\":\"\u0623\u0637\u0628\u0627\u0626\u0646\u0627\",\"item\":\"https:\/\/www.dentomed.com.tr\/ar\/hekimlerimiz\/\"},{\"@type\":\"ListItem\",\"position\":3,\"name\":\"Dt. \u0130lhan \u00c7ak\u0131r\"}]},{\"@type\":\"WebSite\",\"@id\":\"https:\/\/www.dentomed.com.tr\/ar\/#website\",\"url\":\"https:\/\/www.dentomed.com.tr\/ar\/\",\"name\":\"Dentomed\",\"description\":\"\u0130mlant, Ortodonti, Kanal Tedavisi, \u00c7ocuk Di\u015f Hekimli\u011fi\",\"publisher\":{\"@id\":\"https:\/\/www.dentomed.com.tr\/ar\/#organization\"},\"potentialAction\":[{\"@type\":\"SearchAction\",\"target\":{\"@type\":\"EntryPoint\",\"urlTemplate\":\"https:\/\/www.dentomed.com.tr\/ar\/?s={search_term_string}\"},\"query-input\":{\"@type\":\"PropertyValueSpecification\",\"valueRequired\":true,\"valueName\":\"search_term_string\"}}],\"inLanguage\":\"ar\"},{\"@type\":\"Organization\",\"@id\":\"https:\/\/www.dentomed.com.tr\/ar\/#organization\",\"name\":\"Dentomed\",\"url\":\"https:\/\/www.dentomed.com.tr\/ar\/\",\"logo\":{\"@type\":\"ImageObject\",\"inLanguage\":\"ar\",\"@id\":\"https:\/\/www.dentomed.com.tr\/ar\/#\/schema\/logo\/image\/\",\"url\":\"https:\/\/www.dentomed.com.tr\/wp-content\/uploads\/2017\/11\/dentomed-amp-logo.png\",\"contentUrl\":\"https:\/\/www.dentomed.com.tr\/wp-content\/uploads\/2017\/11\/dentomed-amp-logo.png\",\"width\":600,\"height\":60,\"caption\":\"Dentomed\"},\"image\":{\"@id\":\"https:\/\/www.dentomed.com.tr\/ar\/#\/schema\/logo\/image\/\"},\"sameAs\":[\"https:\/\/www.facebook.com\/dentomedtrabzon\/\",\"https:\/\/www.instagram.com\/dentomedtrabzon\/\"]}]}<\/script>\n<!-- \/ Yoast SEO Premium plugin. -->","yoast_head_json":{"title":"Dt. \u0130lhan \u00c7ak\u0131r - Dentomed","robots":{"index":"index","follow":"follow","max-snippet":"max-snippet:-1","max-image-preview":"max-image-preview:large","max-video-preview":"max-video-preview:-1"},"canonical":"https:\/\/www.dentomed.com.tr\/ar\/%d8%a3%d8%b7%d8%a8%d8%a7%d8%a6%d9%86%d8%a7\/dt-ilhan-cakir\/","og_locale":"ar_AR","og_type":"article","og_title":"Dt. \u0130lhan \u00c7ak\u0131r","og_url":"https:\/\/www.dentomed.com.tr\/ar\/%d8%a3%d8%b7%d8%a8%d8%a7%d8%a6%d9%86%d8%a7\/dt-ilhan-cakir\/","og_site_name":"Dentomed","article_publisher":"https:\/\/www.facebook.com\/dentomedtrabzon\/","article_modified_time":"2025-02-07T11:23:35+00:00","twitter_card":"summary_large_image","schema":{"@context":"https:\/\/schema.org","@graph":[{"@type":"WebPage","@id":"https:\/\/www.dentomed.com.tr\/ar\/%d8%a3%d8%b7%d8%a8%d8%a7%d8%a6%d9%86%d8%a7\/dt-ilhan-cakir\/","url":"https:\/\/www.dentomed.com.tr\/ar\/%d8%a3%d8%b7%d8%a8%d8%a7%d8%a6%d9%86%d8%a7\/dt-ilhan-cakir\/","name":"Dt. \u0130lhan \u00c7ak\u0131r - Dentomed","isPartOf":{"@id":"https:\/\/www.dentomed.com.tr\/ar\/#website"},"datePublished":"2025-02-07T11:15:30+00:00","dateModified":"2025-02-07T11:23:35+00:00","breadcrumb":{"@id":"https:\/\/www.dentomed.com.tr\/ar\/%d8%a3%d8%b7%d8%a8%d8%a7%d8%a6%d9%86%d8%a7\/dt-ilhan-cakir\/#breadcrumb"},"inLanguage":"ar","potentialAction":[{"@type":"ReadAction","target":["https:\/\/www.dentomed.com.tr\/ar\/%d8%a3%d8%b7%d8%a8%d8%a7%d8%a6%d9%86%d8%a7\/dt-ilhan-cakir\/"]}]},{"@type":"BreadcrumbList","@id":"https:\/\/www.dentomed.com.tr\/ar\/%d8%a3%d8%b7%d8%a8%d8%a7%d8%a6%d9%86%d8%a7\/dt-ilhan-cakir\/#breadcrumb","itemListElement":[{"@type":"ListItem","position":1,"name":"Ana sayfa","item":"https:\/\/www.dentomed.com.tr\/ar\/"},{"@type":"ListItem","position":2,"name":"\u0623\u0637\u0628\u0627\u0626\u0646\u0627","item":"https:\/\/www.dentomed.com.tr\/ar\/hekimlerimiz\/"},{"@type":"ListItem","position":3,"name":"Dt. \u0130lhan \u00c7ak\u0131r"}]},{"@type":"WebSite","@id":"https:\/\/www.dentomed.com.tr\/ar\/#website","url":"https:\/\/www.dentomed.com.tr\/ar\/","name":"Dentomed","description":"\u0130mlant, Ortodonti, Kanal Tedavisi, \u00c7ocuk Di\u015f Hekimli\u011fi","publisher":{"@id":"https:\/\/www.dentomed.com.tr\/ar\/#organization"},"potentialAction":[{"@type":"SearchAction","target":{"@type":"EntryPoint","urlTemplate":"https:\/\/www.dentomed.com.tr\/ar\/?s={search_term_string}"},"query-input":{"@type":"PropertyValueSpecification","valueRequired":true,"valueName":"search_term_string"}}],"inLanguage":"ar"},{"@type":"Organization","@id":"https:\/\/www.dentomed.com.tr\/ar\/#organization","name":"Dentomed","url":"https:\/\/www.dentomed.com.tr\/ar\/","logo":{"@type":"ImageObject","inLanguage":"ar","@id":"https:\/\/www.dentomed.com.tr\/ar\/#\/schema\/logo\/image\/","url":"https:\/\/www.dentomed.com.tr\/wp-content\/uploads\/2017\/11\/dentomed-amp-logo.png","contentUrl":"https:\/\/www.dentomed.com.tr\/wp-content\/uploads\/2017\/11\/dentomed-amp-logo.png","width":600,"height":60,"caption":"Dentomed"},"image":{"@id":"https:\/\/www.dentomed.com.tr\/ar\/#\/schema\/logo\/image\/"},"sameAs":["https:\/\/www.facebook.com\/dentomedtrabzon\/","https:\/\/www.instagram.com\/dentomedtrabzon\/"]}]}},"_links":{"self":[{"href":"https:\/\/www.dentomed.com.tr\/ar\/wp-json\/wp\/v2\/pages\/9947"}],"collection":[{"href":"https:\/\/www.dentomed.com.tr\/ar\/wp-json\/wp\/v2\/pages"}],"about":[{"href":"https:\/\/www.dentomed.com.tr\/ar\/wp-json\/wp\/v2\/types\/page"}],"author":[{"embeddable":true,"href":"https:\/\/www.dentomed.com.tr\/ar\/wp-json\/wp\/v2\/users\/1"}],"replies":[{"embeddable":true,"href":"https:\/\/www.dentomed.com.tr\/ar\/wp-json\/wp\/v2\/comments?post=9947"}],"version-history":[{"count":1,"href":"https:\/\/www.dentomed.com.tr\/ar\/wp-json\/wp\/v2\/pages\/9947\/revisions"}],"predecessor-version":[{"id":9969,"href":"https:\/\/www.dentomed.com.tr\/ar\/wp-json\/wp\/v2\/pages\/9947\/revisions\/9969"}],"up":[{"embeddable":true,"href":"https:\/\/www.dentomed.com.tr\/ar\/wp-json\/wp\/v2\/pages\/9278"}],"wp:attachment":[{"href":"https:\/\/www.dentomed.com.tr\/ar\/wp-json\/wp\/v2\/media?parent=9947"}],"curies":[{"name":"wp","href":"https:\/\/api.w.org\/{rel}","templated":true}]}}