{"id":9290,"date":"2018-12-05T05:26:43","date_gmt":"2018-12-05T05:26:43","guid":{"rendered":"https:\/\/www.dentomed.com.tr\/?page_id=9290"},"modified":"2023-10-22T21:06:47","modified_gmt":"2023-10-22T21:06:47","slug":"%d8%af-%d8%a8%d9%88%d9%84%d9%8a%d9%86%d8%aa-%d8%ad%d8%b3%d9%86-%d9%8a%d9%84%d9%85%d8%a7%d8%b2","status":"publish","type":"page","link":"https:\/\/www.dentomed.com.tr\/ar\/%d8%a3%d8%b7%d8%a8%d8%a7%d8%a6%d9%86%d8%a7\/%d8%af-%d8%a8%d9%88%d9%84%d9%8a%d9%86%d8%aa-%d8%ad%d8%b3%d9%86-%d9%8a%d9%84%d9%85%d8%a7%d8%b2\/","title":{"rendered":"\u062f. \u0628\u0648\u0644\u0646\u062a \u062d\u0633\u0646 \u064a\u0644\u0645\u0627\u0632"},"content":{"rendered":"<div id=\"attachment_9816\" style=\"width: 196px\" class=\"wp-caption alignright\"><a href=\"https:\/\/www.dentomed.com.tr\/wp-content\/uploads\/2022\/05\/bulent-hasan-yilmaz-186x300.jpg\"><img loading=\"lazy\" decoding=\"async\" aria-describedby=\"caption-attachment-9816\" class=\"wp-image-9816 size-medium\" src=\"https:\/\/www.dentomed.com.tr\/wp-content\/uploads\/2022\/05\/bulent-hasan-yilmaz-186x300.jpg\" alt=\"Dt. B\u00fclent Hasan Y\u0131lmaz\" width=\"186\" height=\"300\" srcset=\"https:\/\/www.dentomed.com.tr\/wp-content\/uploads\/2022\/05\/bulent-hasan-yilmaz-186x300.jpg 186w, https:\/\/www.dentomed.com.tr\/wp-content\/uploads\/2022\/05\/bulent-hasan-yilmaz-634x1024.jpg 634w, https:\/\/www.dentomed.com.tr\/wp-content\/uploads\/2022\/05\/bulent-hasan-yilmaz-90x146.jpg 90w, https:\/\/www.dentomed.com.tr\/wp-content\/uploads\/2022\/05\/bulent-hasan-yilmaz-31x50.jpg 31w, https:\/\/www.dentomed.com.tr\/wp-content\/uploads\/2022\/05\/bulent-hasan-yilmaz-46x75.jpg 46w, https:\/\/www.dentomed.com.tr\/wp-content\/uploads\/2022\/05\/bulent-hasan-yilmaz.jpg 768w\" sizes=\"(max-width:767px) 186px, 186px\" \/><\/a><p id=\"caption-attachment-9816\" class=\"wp-caption-text\">Dt. B\u00fclent Hasan Y\u0131lmaz<\/p><\/div>\n<p>\u0627\u0644\u062f\u0643\u062a\u0648\u0631 \u0628\u0648\u0644\u064a\u0646\u062a \u062d\u0633\u0646 \u064a\u0644\u0645\u0627\u0632 \u0648\u0644\u062f \u0641\u064a \u0645\u062f\u064a\u0646\u0629 \u0643\u064a\u0645\u0628\u062a\u064a\u0646 \u0641\u064a \u0623\u0644\u0645\u0627\u0646\u064a\u0627 \u0641\u064a \u0639\u0627\u0645 1976 .<\/p>\n<p>\u064a\u0639\u062f \u062a\u062e\u0631\u062c\u0647 \u0645\u0646 \u0645\u062f\u0631\u0633\u0629 \u0637\u0631\u0627\u0628\u0632\u0648\u0646 \u0627\u0644\u062b\u0627\u0646\u0648\u064a\u0629 \u060c \u062d\u0635\u0644 \u0639\u0644\u0649 \u0634\u0647\u0627\u062f\u0629 \u0627\u0644\u0627\u062e\u062a\u0635\u0627\u0635 \u0641\u064a \u0637\u0628 \u0627\u0644\u0623\u0633\u0646\u0627\u0646 \u0645\u0646 \u062c\u0627\u0645\u0639\u0629 \u0647\u0627\u062c\u064a \u062a\u064a\u0628\u064a \u0641\u064a \u0639\u0627\u0645 1998 . \u0648\u0645\u0646 \u062b\u0645 \u0628\u062f\u0623 \u062d\u064a\u0627\u062a\u0647 \u0627\u0644\u0645\u0647\u0646\u064a\u0629 \u0641\u064a \u0639\u064a\u0627\u062f\u062a\u0647 \u0627\u0644\u062e\u0627\u0635\u0629 \u0648\u0642\u062f \u0648\u0627\u0635\u0644 \u0641\u064a\u0647\u0627 \u0644\u063a\u0627\u064a\u0629 \u0639\u0627\u0645 2007 \u060c \u0648\u0628\u0639\u062f\u0647\u0627 \u0639\u0645\u0644 \u0641\u064a \u0639\u064a\u0627\u062f\u0629 \u0637\u0631\u0627\u0628\u0632\u0648\u0646 \u0627\u0644\u062e\u0627\u0635\u0629 \u0644\u0637\u0628 \u0627\u0644\u0623\u0633\u0646\u0627\u0646 \u0627\u0644\u062a\u064a \u0623\u0633\u0633\u0647\u0627 \u0647\u0648 \u0648\u0632\u0645\u0644\u0627\u0621\u0647 \u0641\u064a \u0639\u0627\u0645 2007 \u0627\u0644\u062a\u064a \u0643\u0627\u0646 \u0627\u0644\u0645\u0633\u0624\u0648\u0644 \u0639\u0646\u0647\u0627 \u0641\u064a \u0646\u0641\u0633 \u0627\u0644\u0648\u0642\u062a . \u0648\u0647\u0648 \u0639\u0636\u0648 \u0641\u064a \u0627\u0644\u0645\u0646\u0638\u0645\u0627\u062a \u063a\u064a\u0631 \u0627\u0644\u062d\u0643\u0648\u0645\u064a\u0629 \u0645\u062b\u0644 AKUT \u0648 TRADOST \u060c \u0648\u0643\u0630\u0644\u0643 \u062c\u0645\u0639\u064a\u0629 \u0623\u0637\u0628\u0627\u0621 \u0627\u0644\u0623\u0633\u0646\u0627\u0646 \u0627\u0644\u062a\u0631\u0643\u064a\u0629 . \u0645\u062a\u0632\u0648\u062c \u0648\u0644\u062f\u064a\u0647 \u0637\u0641\u0644\u064a\u0646 \u0648\u064a\u062a\u062d\u062f\u062b \u0627\u0644\u0625\u0646\u062c\u0644\u064a\u0632\u064a\u0629 \u0648\u0627\u0644\u0623\u0644\u0645\u0627\u0646\u064a\u0629 \u0628\u0637\u0644\u0627\u0642\u0629 \u060c \u062a\u062a\u0645\u062b\u0644 \u0627\u0647\u062a\u0645\u0627\u0645\u0627\u062a\u0647 \u0627\u0644\u062e\u0627\u0635\u0629 \u0641\u064a \u0637\u0628 \u0627\u0644\u0623\u0633\u0646\u0627\u0646 \u0641\u064a \u0637\u0628 \u0627\u0644\u0623\u0633\u0646\u0627\u0646 \u0627\u0644\u062a\u062c\u0645\u064a\u0644\u064a \u060c \u0648\u0627\u0644\u062a\u0635\u0645\u064a\u0645 \u062b\u0644\u0627\u062b\u064a \u0627\u0644\u0623\u0628\u0639\u0627\u062f \u060c \u0648\u0637\u0628 \u0627\u0644\u0623\u0633\u0646\u0627\u0646 \u0627\u0644\u063a\u0636\u0631\u0648\u0641\u064a \u060c \u0648\u0642\u062f \u062d\u0636\u0631 \u0627\u0644\u0639\u062f\u064a\u062f \u0645\u0646 \u0627\u0644\u0646\u062f\u0648\u0627\u062a \u0627\u0644\u062a\u062b\u0642\u064a\u0641\u064a\u0629 \u0648\u0627\u0644\u062a\u0639\u0644\u064a\u0645\u064a\u0629 \u0639\u0644\u0649 \u0627\u0644\u0645\u0633\u062a\u0648\u064a\u064a\u0646 \u0627\u0644\u0648\u0637\u0646\u064a \u0648\u0627\u0644\u062f\u0648\u0644\u064a .<\/p>\n","protected":false},"excerpt":{"rendered":"<p>\u0627\u0644\u062f\u0643\u062a\u0648\u0631 \u0628\u0648\u0644\u064a\u0646\u062a \u062d\u0633\u0646 \u064a\u0644\u0645\u0627\u0632 \u0648\u0644\u062f \u0641\u064a \u0645\u062f\u064a\u0646\u0629 \u0643\u064a\u0645\u0628\u062a\u064a\u0646 \u0641\u064a \u0623\u0644\u0645\u0627\u0646\u064a\u0627 \u0641\u064a \u0639\u0627\u0645 1976 . \u064a\u0639\u062f \u062a\u062e\u0631\u062c\u0647 \u0645\u0646 \u0645\u062f\u0631\u0633\u0629 \u0637\u0631\u0627\u0628\u0632\u0648\u0646 \u0627\u0644\u062b\u0627\u0646\u0648\u064a\u0629 \u060c \u062d\u0635\u0644 \u0639\u0644\u0649 \u0634\u0647\u0627\u062f\u0629 \u0627\u0644\u0627\u062e\u062a\u0635\u0627\u0635 \u0641\u064a<span class=\"excerpt-hellip\"> [\u2026]<\/span><\/p>\n","protected":false},"author":1,"featured_media":0,"parent":9278,"menu_order":0,"comment_status":"closed","ping_status":"closed","template":"","meta":{"_lmt_disableupdate":"yes","_lmt_disable":"","_joinchat":[],"footnotes":""},"yoast_head":"<!-- This site is optimized with the Yoast SEO Premium plugin v19.0.1 (Yoast SEO v23.4) - https:\/\/yoast.com\/wordpress\/plugins\/seo\/ -->\n<title>\u062f. \u0628\u0648\u0644\u0646\u062a \u062d\u0633\u0646 \u064a\u0644\u0645\u0627\u0632 - Dentomed<\/title>\n<meta name=\"description\" content=\"Dentomed \/ Dt. \u0633\u064a\u0631\u0629 \u0628\u0648\u0644\u0646\u062a \u062d\u0633\u0646 \u064a\u0644\u0645\u0627\u0632.\" \/>\n<meta name=\"robots\" content=\"index, follow, max-snippet:-1, max-image-preview:large, max-video-preview:-1\" \/>\n<link rel=\"canonical\" href=\"https:\/\/www.dentomed.com.tr\/ar\/%d8%a3%d8%b7%d8%a8%d8%a7%d8%a6%d9%86%d8%a7\/%d8%af-%d8%a8%d9%88%d9%84%d9%8a%d9%86%d8%aa-%d8%ad%d8%b3%d9%86-%d9%8a%d9%84%d9%85%d8%a7%d8%b2\/\" \/>\n<meta property=\"og:locale\" content=\"ar_AR\" \/>\n<meta property=\"og:type\" content=\"article\" \/>\n<meta property=\"og:title\" content=\"\u062f. \u0628\u0648\u0644\u0646\u062a \u062d\u0633\u0646 \u064a\u0644\u0645\u0627\u0632\" \/>\n<meta property=\"og:description\" content=\"Dentomed \/ Dt. \u0633\u064a\u0631\u0629 \u0628\u0648\u0644\u0646\u062a \u062d\u0633\u0646 \u064a\u0644\u0645\u0627\u0632.\" \/>\n<meta property=\"og:url\" content=\"https:\/\/www.dentomed.com.tr\/ar\/%d8%a3%d8%b7%d8%a8%d8%a7%d8%a6%d9%86%d8%a7\/%d8%af-%d8%a8%d9%88%d9%84%d9%8a%d9%86%d8%aa-%d8%ad%d8%b3%d9%86-%d9%8a%d9%84%d9%85%d8%a7%d8%b2\/\" \/>\n<meta property=\"og:site_name\" content=\"Dentomed\" \/>\n<meta property=\"article:publisher\" content=\"https:\/\/www.facebook.com\/dentomedtrabzon\/\" \/>\n<meta property=\"article:modified_time\" content=\"2023-10-22T21:06:47+00:00\" \/>\n<meta property=\"og:image\" content=\"https:\/\/www.dentomed.com.tr\/wp-content\/uploads\/2022\/05\/bulent-hasan-yilmaz-186x300.jpg\" \/>\n<meta name=\"twitter:card\" content=\"summary_large_image\" \/>\n<meta name=\"twitter:label1\" content=\"\u0648\u0642\u062a \u0627\u0644\u0642\u0631\u0627\u0621\u0629 \u0627\u0644\u0645\u064f\u0642\u062f\u0651\u0631\" \/>\n\t<meta name=\"twitter:data1\" content=\"1 \u062f\u0642\u064a\u0642\u0629\" \/>\n<script type=\"application\/ld+json\" class=\"yoast-schema-graph\">{\"@context\":\"https:\/\/schema.org\",\"@graph\":[{\"@type\":\"WebPage\",\"@id\":\"https:\/\/www.dentomed.com.tr\/ar\/%d8%a3%d8%b7%d8%a8%d8%a7%d8%a6%d9%86%d8%a7\/%d8%af-%d8%a8%d9%88%d9%84%d9%8a%d9%86%d8%aa-%d8%ad%d8%b3%d9%86-%d9%8a%d9%84%d9%85%d8%a7%d8%b2\/\",\"url\":\"https:\/\/www.dentomed.com.tr\/ar\/%d8%a3%d8%b7%d8%a8%d8%a7%d8%a6%d9%86%d8%a7\/%d8%af-%d8%a8%d9%88%d9%84%d9%8a%d9%86%d8%aa-%d8%ad%d8%b3%d9%86-%d9%8a%d9%84%d9%85%d8%a7%d8%b2\/\",\"name\":\"\u062f. \u0628\u0648\u0644\u0646\u062a \u062d\u0633\u0646 \u064a\u0644\u0645\u0627\u0632 - Dentomed\",\"isPartOf\":{\"@id\":\"https:\/\/www.dentomed.com.tr\/ar\/#website\"},\"primaryImageOfPage\":{\"@id\":\"https:\/\/www.dentomed.com.tr\/ar\/%d8%a3%d8%b7%d8%a8%d8%a7%d8%a6%d9%86%d8%a7\/%d8%af-%d8%a8%d9%88%d9%84%d9%8a%d9%86%d8%aa-%d8%ad%d8%b3%d9%86-%d9%8a%d9%84%d9%85%d8%a7%d8%b2\/#primaryimage\"},\"image\":{\"@id\":\"https:\/\/www.dentomed.com.tr\/ar\/%d8%a3%d8%b7%d8%a8%d8%a7%d8%a6%d9%86%d8%a7\/%d8%af-%d8%a8%d9%88%d9%84%d9%8a%d9%86%d8%aa-%d8%ad%d8%b3%d9%86-%d9%8a%d9%84%d9%85%d8%a7%d8%b2\/#primaryimage\"},\"thumbnailUrl\":\"https:\/\/www.dentomed.com.tr\/wp-content\/uploads\/2022\/05\/bulent-hasan-yilmaz-186x300.jpg\",\"datePublished\":\"2018-12-05T05:26:43+00:00\",\"dateModified\":\"2023-10-22T21:06:47+00:00\",\"description\":\"Dentomed \/ Dt. \u0633\u064a\u0631\u0629 \u0628\u0648\u0644\u0646\u062a \u062d\u0633\u0646 \u064a\u0644\u0645\u0627\u0632.\",\"breadcrumb\":{\"@id\":\"https:\/\/www.dentomed.com.tr\/ar\/%d8%a3%d8%b7%d8%a8%d8%a7%d8%a6%d9%86%d8%a7\/%d8%af-%d8%a8%d9%88%d9%84%d9%8a%d9%86%d8%aa-%d8%ad%d8%b3%d9%86-%d9%8a%d9%84%d9%85%d8%a7%d8%b2\/#breadcrumb\"},\"inLanguage\":\"ar\",\"potentialAction\":[{\"@type\":\"ReadAction\",\"target\":[\"https:\/\/www.dentomed.com.tr\/ar\/%d8%a3%d8%b7%d8%a8%d8%a7%d8%a6%d9%86%d8%a7\/%d8%af-%d8%a8%d9%88%d9%84%d9%8a%d9%86%d8%aa-%d8%ad%d8%b3%d9%86-%d9%8a%d9%84%d9%85%d8%a7%d8%b2\/\"]}]},{\"@type\":\"ImageObject\",\"inLanguage\":\"ar\",\"@id\":\"https:\/\/www.dentomed.com.tr\/ar\/%d8%a3%d8%b7%d8%a8%d8%a7%d8%a6%d9%86%d8%a7\/%d8%af-%d8%a8%d9%88%d9%84%d9%8a%d9%86%d8%aa-%d8%ad%d8%b3%d9%86-%d9%8a%d9%84%d9%85%d8%a7%d8%b2\/#primaryimage\",\"url\":\"https:\/\/www.dentomed.com.tr\/wp-content\/uploads\/2022\/05\/bulent-hasan-yilmaz-186x300.jpg\",\"contentUrl\":\"https:\/\/www.dentomed.com.tr\/wp-content\/uploads\/2022\/05\/bulent-hasan-yilmaz-186x300.jpg\"},{\"@type\":\"BreadcrumbList\",\"@id\":\"https:\/\/www.dentomed.com.tr\/ar\/%d8%a3%d8%b7%d8%a8%d8%a7%d8%a6%d9%86%d8%a7\/%d8%af-%d8%a8%d9%88%d9%84%d9%8a%d9%86%d8%aa-%d8%ad%d8%b3%d9%86-%d9%8a%d9%84%d9%85%d8%a7%d8%b2\/#breadcrumb\",\"itemListElement\":[{\"@type\":\"ListItem\",\"position\":1,\"name\":\"Ana sayfa\",\"item\":\"https:\/\/www.dentomed.com.tr\/ar\/\"},{\"@type\":\"ListItem\",\"position\":2,\"name\":\"\u0623\u0637\u0628\u0627\u0626\u0646\u0627\",\"item\":\"https:\/\/www.dentomed.com.tr\/ar\/hekimlerimiz\/\"},{\"@type\":\"ListItem\",\"position\":3,\"name\":\"\u062f. \u0628\u0648\u0644\u0646\u062a \u062d\u0633\u0646 \u064a\u0644\u0645\u0627\u0632\"}]},{\"@type\":\"WebSite\",\"@id\":\"https:\/\/www.dentomed.com.tr\/ar\/#website\",\"url\":\"https:\/\/www.dentomed.com.tr\/ar\/\",\"name\":\"Dentomed\",\"description\":\"\u0130mlant, Ortodonti, Kanal Tedavisi, \u00c7ocuk Di\u015f Hekimli\u011fi\",\"publisher\":{\"@id\":\"https:\/\/www.dentomed.com.tr\/ar\/#organization\"},\"potentialAction\":[{\"@type\":\"SearchAction\",\"target\":{\"@type\":\"EntryPoint\",\"urlTemplate\":\"https:\/\/www.dentomed.com.tr\/ar\/?s={search_term_string}\"},\"query-input\":{\"@type\":\"PropertyValueSpecification\",\"valueRequired\":true,\"valueName\":\"search_term_string\"}}],\"inLanguage\":\"ar\"},{\"@type\":\"Organization\",\"@id\":\"https:\/\/www.dentomed.com.tr\/ar\/#organization\",\"name\":\"Dentomed\",\"url\":\"https:\/\/www.dentomed.com.tr\/ar\/\",\"logo\":{\"@type\":\"ImageObject\",\"inLanguage\":\"ar\",\"@id\":\"https:\/\/www.dentomed.com.tr\/ar\/#\/schema\/logo\/image\/\",\"url\":\"https:\/\/www.dentomed.com.tr\/wp-content\/uploads\/2017\/11\/dentomed-amp-logo.png\",\"contentUrl\":\"https:\/\/www.dentomed.com.tr\/wp-content\/uploads\/2017\/11\/dentomed-amp-logo.png\",\"width\":600,\"height\":60,\"caption\":\"Dentomed\"},\"image\":{\"@id\":\"https:\/\/www.dentomed.com.tr\/ar\/#\/schema\/logo\/image\/\"},\"sameAs\":[\"https:\/\/www.facebook.com\/dentomedtrabzon\/\",\"https:\/\/www.instagram.com\/dentomedtrabzon\/\"]}]}<\/script>\n<!-- \/ Yoast SEO Premium plugin. -->","yoast_head_json":{"title":"\u062f. \u0628\u0648\u0644\u0646\u062a \u062d\u0633\u0646 \u064a\u0644\u0645\u0627\u0632 - Dentomed","description":"Dentomed \/ Dt. \u0633\u064a\u0631\u0629 \u0628\u0648\u0644\u0646\u062a \u062d\u0633\u0646 \u064a\u0644\u0645\u0627\u0632.","robots":{"index":"index","follow":"follow","max-snippet":"max-snippet:-1","max-image-preview":"max-image-preview:large","max-video-preview":"max-video-preview:-1"},"canonical":"https:\/\/www.dentomed.com.tr\/ar\/%d8%a3%d8%b7%d8%a8%d8%a7%d8%a6%d9%86%d8%a7\/%d8%af-%d8%a8%d9%88%d9%84%d9%8a%d9%86%d8%aa-%d8%ad%d8%b3%d9%86-%d9%8a%d9%84%d9%85%d8%a7%d8%b2\/","og_locale":"ar_AR","og_type":"article","og_title":"\u062f. \u0628\u0648\u0644\u0646\u062a \u062d\u0633\u0646 \u064a\u0644\u0645\u0627\u0632","og_description":"Dentomed \/ Dt. \u0633\u064a\u0631\u0629 \u0628\u0648\u0644\u0646\u062a \u062d\u0633\u0646 \u064a\u0644\u0645\u0627\u0632.","og_url":"https:\/\/www.dentomed.com.tr\/ar\/%d8%a3%d8%b7%d8%a8%d8%a7%d8%a6%d9%86%d8%a7\/%d8%af-%d8%a8%d9%88%d9%84%d9%8a%d9%86%d8%aa-%d8%ad%d8%b3%d9%86-%d9%8a%d9%84%d9%85%d8%a7%d8%b2\/","og_site_name":"Dentomed","article_publisher":"https:\/\/www.facebook.com\/dentomedtrabzon\/","article_modified_time":"2023-10-22T21:06:47+00:00","og_image":[{"url":"https:\/\/www.dentomed.com.tr\/wp-content\/uploads\/2022\/05\/bulent-hasan-yilmaz-186x300.jpg"}],"twitter_card":"summary_large_image","twitter_misc":{"\u0648\u0642\u062a \u0627\u0644\u0642\u0631\u0627\u0621\u0629 \u0627\u0644\u0645\u064f\u0642\u062f\u0651\u0631":"1 \u062f\u0642\u064a\u0642\u0629"},"schema":{"@context":"https:\/\/schema.org","@graph":[{"@type":"WebPage","@id":"https:\/\/www.dentomed.com.tr\/ar\/%d8%a3%d8%b7%d8%a8%d8%a7%d8%a6%d9%86%d8%a7\/%d8%af-%d8%a8%d9%88%d9%84%d9%8a%d9%86%d8%aa-%d8%ad%d8%b3%d9%86-%d9%8a%d9%84%d9%85%d8%a7%d8%b2\/","url":"https:\/\/www.dentomed.com.tr\/ar\/%d8%a3%d8%b7%d8%a8%d8%a7%d8%a6%d9%86%d8%a7\/%d8%af-%d8%a8%d9%88%d9%84%d9%8a%d9%86%d8%aa-%d8%ad%d8%b3%d9%86-%d9%8a%d9%84%d9%85%d8%a7%d8%b2\/","name":"\u062f. \u0628\u0648\u0644\u0646\u062a \u062d\u0633\u0646 \u064a\u0644\u0645\u0627\u0632 - Dentomed","isPartOf":{"@id":"https:\/\/www.dentomed.com.tr\/ar\/#website"},"primaryImageOfPage":{"@id":"https:\/\/www.dentomed.com.tr\/ar\/%d8%a3%d8%b7%d8%a8%d8%a7%d8%a6%d9%86%d8%a7\/%d8%af-%d8%a8%d9%88%d9%84%d9%8a%d9%86%d8%aa-%d8%ad%d8%b3%d9%86-%d9%8a%d9%84%d9%85%d8%a7%d8%b2\/#primaryimage"},"image":{"@id":"https:\/\/www.dentomed.com.tr\/ar\/%d8%a3%d8%b7%d8%a8%d8%a7%d8%a6%d9%86%d8%a7\/%d8%af-%d8%a8%d9%88%d9%84%d9%8a%d9%86%d8%aa-%d8%ad%d8%b3%d9%86-%d9%8a%d9%84%d9%85%d8%a7%d8%b2\/#primaryimage"},"thumbnailUrl":"https:\/\/www.dentomed.com.tr\/wp-content\/uploads\/2022\/05\/bulent-hasan-yilmaz-186x300.jpg","datePublished":"2018-12-05T05:26:43+00:00","dateModified":"2023-10-22T21:06:47+00:00","description":"Dentomed \/ Dt. \u0633\u064a\u0631\u0629 \u0628\u0648\u0644\u0646\u062a \u062d\u0633\u0646 \u064a\u0644\u0645\u0627\u0632.","breadcrumb":{"@id":"https:\/\/www.dentomed.com.tr\/ar\/%d8%a3%d8%b7%d8%a8%d8%a7%d8%a6%d9%86%d8%a7\/%d8%af-%d8%a8%d9%88%d9%84%d9%8a%d9%86%d8%aa-%d8%ad%d8%b3%d9%86-%d9%8a%d9%84%d9%85%d8%a7%d8%b2\/#breadcrumb"},"inLanguage":"ar","potentialAction":[{"@type":"ReadAction","target":["https:\/\/www.dentomed.com.tr\/ar\/%d8%a3%d8%b7%d8%a8%d8%a7%d8%a6%d9%86%d8%a7\/%d8%af-%d8%a8%d9%88%d9%84%d9%8a%d9%86%d8%aa-%d8%ad%d8%b3%d9%86-%d9%8a%d9%84%d9%85%d8%a7%d8%b2\/"]}]},{"@type":"ImageObject","inLanguage":"ar","@id":"https:\/\/www.dentomed.com.tr\/ar\/%d8%a3%d8%b7%d8%a8%d8%a7%d8%a6%d9%86%d8%a7\/%d8%af-%d8%a8%d9%88%d9%84%d9%8a%d9%86%d8%aa-%d8%ad%d8%b3%d9%86-%d9%8a%d9%84%d9%85%d8%a7%d8%b2\/#primaryimage","url":"https:\/\/www.dentomed.com.tr\/wp-content\/uploads\/2022\/05\/bulent-hasan-yilmaz-186x300.jpg","contentUrl":"https:\/\/www.dentomed.com.tr\/wp-content\/uploads\/2022\/05\/bulent-hasan-yilmaz-186x300.jpg"},{"@type":"BreadcrumbList","@id":"https:\/\/www.dentomed.com.tr\/ar\/%d8%a3%d8%b7%d8%a8%d8%a7%d8%a6%d9%86%d8%a7\/%d8%af-%d8%a8%d9%88%d9%84%d9%8a%d9%86%d8%aa-%d8%ad%d8%b3%d9%86-%d9%8a%d9%84%d9%85%d8%a7%d8%b2\/#breadcrumb","itemListElement":[{"@type":"ListItem","position":1,"name":"Ana sayfa","item":"https:\/\/www.dentomed.com.tr\/ar\/"},{"@type":"ListItem","position":2,"name":"\u0623\u0637\u0628\u0627\u0626\u0646\u0627","item":"https:\/\/www.dentomed.com.tr\/ar\/hekimlerimiz\/"},{"@type":"ListItem","position":3,"name":"\u062f. \u0628\u0648\u0644\u0646\u062a \u062d\u0633\u0646 \u064a\u0644\u0645\u0627\u0632"}]},{"@type":"WebSite","@id":"https:\/\/www.dentomed.com.tr\/ar\/#website","url":"https:\/\/www.dentomed.com.tr\/ar\/","name":"Dentomed","description":"\u0130mlant, Ortodonti, Kanal Tedavisi, \u00c7ocuk Di\u015f Hekimli\u011fi","publisher":{"@id":"https:\/\/www.dentomed.com.tr\/ar\/#organization"},"potentialAction":[{"@type":"SearchAction","target":{"@type":"EntryPoint","urlTemplate":"https:\/\/www.dentomed.com.tr\/ar\/?s={search_term_string}"},"query-input":{"@type":"PropertyValueSpecification","valueRequired":true,"valueName":"search_term_string"}}],"inLanguage":"ar"},{"@type":"Organization","@id":"https:\/\/www.dentomed.com.tr\/ar\/#organization","name":"Dentomed","url":"https:\/\/www.dentomed.com.tr\/ar\/","logo":{"@type":"ImageObject","inLanguage":"ar","@id":"https:\/\/www.dentomed.com.tr\/ar\/#\/schema\/logo\/image\/","url":"https:\/\/www.dentomed.com.tr\/wp-content\/uploads\/2017\/11\/dentomed-amp-logo.png","contentUrl":"https:\/\/www.dentomed.com.tr\/wp-content\/uploads\/2017\/11\/dentomed-amp-logo.png","width":600,"height":60,"caption":"Dentomed"},"image":{"@id":"https:\/\/www.dentomed.com.tr\/ar\/#\/schema\/logo\/image\/"},"sameAs":["https:\/\/www.facebook.com\/dentomedtrabzon\/","https:\/\/www.instagram.com\/dentomedtrabzon\/"]}]}},"_links":{"self":[{"href":"https:\/\/www.dentomed.com.tr\/ar\/wp-json\/wp\/v2\/pages\/9290"}],"collection":[{"href":"https:\/\/www.dentomed.com.tr\/ar\/wp-json\/wp\/v2\/pages"}],"about":[{"href":"https:\/\/www.dentomed.com.tr\/ar\/wp-json\/wp\/v2\/types\/page"}],"author":[{"embeddable":true,"href":"https:\/\/www.dentomed.com.tr\/ar\/wp-json\/wp\/v2\/users\/1"}],"replies":[{"embeddable":true,"href":"https:\/\/www.dentomed.com.tr\/ar\/wp-json\/wp\/v2\/comments?post=9290"}],"version-history":[{"count":4,"href":"https:\/\/www.dentomed.com.tr\/ar\/wp-json\/wp\/v2\/pages\/9290\/revisions"}],"predecessor-version":[{"id":9954,"href":"https:\/\/www.dentomed.com.tr\/ar\/wp-json\/wp\/v2\/pages\/9290\/revisions\/9954"}],"up":[{"embeddable":true,"href":"https:\/\/www.dentomed.com.tr\/ar\/wp-json\/wp\/v2\/pages\/9278"}],"wp:attachment":[{"href":"https:\/\/www.dentomed.com.tr\/ar\/wp-json\/wp\/v2\/media?parent=9290"}],"curies":[{"name":"wp","href":"https:\/\/api.w.org\/{rel}","templated":true}]}}